{"id":142,"date":"2021-04-14T17:19:54","date_gmt":"2021-04-14T17:19:54","guid":{"rendered":"https:\/\/hotelcasaisabella.com\/?page_id=142"},"modified":"2022-07-08T17:41:44","modified_gmt":"2022-07-08T17:41:44","slug":"habitaciones","status":"publish","type":"page","link":"https:\/\/hotelcasaisabella.com\/index.php\/habitaciones\/","title":{"rendered":"Sobre Nosotros"},"content":{"rendered":"\n<h2 class=\"wp-block-heading\">El Concepto &#8211; Un lugar con historia<\/h2>\n\n\n\n<div class=\"wp-block-columns is-layout-flex wp-container-core-columns-is-layout-28f84493 wp-block-columns-is-layout-flex\">\n<div class=\"wp-block-column is-layout-flow wp-block-column-is-layout-flow\">\n<p><strong>Construida en los a\u00f1os 2000, el concepto de Casa Isabella surgi\u00f3 a partir de la b\u00fasqueda de crear un espacio en el que el constante contacto con la naturaleza, el colorido de sus muros y una ubicaci\u00f3n inigualable, crearan una sinergia perfecta. El dise\u00f1o y estilo de nuestros espacios est\u00e1n inspirados en la obra del Arquitecto mexicano ganador del Pritzker Luis Barrag\u00e1n, es por esta raz\u00f3n que en nuestro hotel podr\u00e1s encontrar muros rosas, morados y blancos, rodeados de palmeras, bamb\u00faes y arboles frutales.<\/strong><\/p>\n<\/div>\n\n\n\n<div class=\"wp-block-column is-layout-flow wp-block-column-is-layout-flow\">\n<figure class=\"wp-block-image size-large is-resized\"><img fetchpriority=\"high\" decoding=\"async\" src=\"http:\/\/hotelcasaisabella.com\/wp-content\/uploads\/2021\/07\/1657297159345-768x1024.jpeg\" alt=\"\" class=\"wp-image-648\" width=\"407\" height=\"543\" srcset=\"https:\/\/hotelcasaisabella.com\/wp-content\/uploads\/2021\/07\/1657297159345-768x1024.jpeg 768w, https:\/\/hotelcasaisabella.com\/wp-content\/uploads\/2021\/07\/1657297159345-225x300.jpeg 225w, https:\/\/hotelcasaisabella.com\/wp-content\/uploads\/2021\/07\/1657297159345-1152x1536.jpeg 1152w, https:\/\/hotelcasaisabella.com\/wp-content\/uploads\/2021\/07\/1657297159345-1536x2048.jpeg 1536w, https:\/\/hotelcasaisabella.com\/wp-content\/uploads\/2021\/07\/1657297159345-45x60.jpeg 45w, https:\/\/hotelcasaisabella.com\/wp-content\/uploads\/2021\/07\/1657297159345-scaled.jpeg 1920w\" sizes=\"(max-width: 407px) 100vw, 407px\" \/><\/figure>\n<\/div>\n<\/div>\n\n\n\n<hr class=\"wp-block-separator has-css-opacity\"\/>\n\n\n\n<h2 class=\"has-text-align-right wp-block-heading\">La Ubicaci\u00f3n<\/h2>\n\n\n\n<div class=\"wp-block-columns is-layout-flex wp-container-core-columns-is-layout-28f84493 wp-block-columns-is-layout-flex\">\n<div class=\"wp-block-column is-layout-flow wp-block-column-is-layout-flow\">\n<figure class=\"wp-block-image size-large is-resized\"><img decoding=\"async\" src=\"http:\/\/hotelcasaisabella.com\/wp-content\/uploads\/2021\/04\/playa_luna.jpg\" alt=\"\" class=\"wp-image-76\" width=\"403\" height=\"236\" srcset=\"https:\/\/hotelcasaisabella.com\/wp-content\/uploads\/2021\/04\/playa_luna.jpg 1024w, https:\/\/hotelcasaisabella.com\/wp-content\/uploads\/2021\/04\/playa_luna-300x175.jpg 300w, https:\/\/hotelcasaisabella.com\/wp-content\/uploads\/2021\/04\/playa_luna-768x448.jpg 768w, https:\/\/hotelcasaisabella.com\/wp-content\/uploads\/2021\/04\/playa_luna-103x60.jpg 103w\" sizes=\"(max-width: 403px) 100vw, 403px\" \/><\/figure>\n<\/div>\n\n\n\n<div class=\"wp-block-column is-layout-flow wp-block-column-is-layout-flow\">\n<p class=\"has-text-align-right\">La ubicaci\u00f3n es una caracter\u00edstica fundamental cuando visitas Cozumel, ya que gran parte del turismo se concentra en la colonia centro de la Isla, en nuestro caso nos ubicamos a tan solo 2 minutos de la estaci\u00f3n del Ferry y a 1 minuto del centro, restaurantes tradicionales mexicanos y atracciones tur\u00edsticas elementales.<\/p>\n<\/div>\n<\/div>\n\n\n\n<hr class=\"wp-block-separator has-css-opacity\"\/>\n\n\n\n<h2 class=\"wp-block-heading\">El hotel &#8211; Casa Isabella Cozumel<\/h2>\n\n\n\n<div class=\"wp-block-columns is-layout-flex wp-container-core-columns-is-layout-28f84493 wp-block-columns-is-layout-flex\">\n<div class=\"wp-block-column is-layout-flow wp-block-column-is-layout-flow\">\n<p>Contamos con 6 suites para todos los gustos y necesidades, ideales para viajeros de paso, vacacionistas que buscan diversi\u00f3n e incluso para los clientes m\u00e1s exigentes. Estamos orgullosos de recibir a hu\u00e9spedes de m\u00e1s de 50 pa\u00edses en el mundo y de que estos nos se\u00f1alen como un exponente fiel de la cultura de trabajo mexicana<\/p>\n<\/div>\n\n\n\n<div class=\"wp-block-column is-layout-flow wp-block-column-is-layout-flow\">\n<figure class=\"wp-block-image size-large is-resized\"><img decoding=\"async\" src=\"http:\/\/hotelcasaisabella.com\/wp-content\/uploads\/2021\/04\/gardenia2.jpg\" alt=\"\" class=\"wp-image-151\" width=\"433\" height=\"324\" srcset=\"https:\/\/hotelcasaisabella.com\/wp-content\/uploads\/2021\/04\/gardenia2.jpg 1024w, https:\/\/hotelcasaisabella.com\/wp-content\/uploads\/2021\/04\/gardenia2-300x225.jpg 300w, https:\/\/hotelcasaisabella.com\/wp-content\/uploads\/2021\/04\/gardenia2-768x576.jpg 768w, https:\/\/hotelcasaisabella.com\/wp-content\/uploads\/2021\/04\/gardenia2-80x60.jpg 80w\" sizes=\"(max-width: 433px) 100vw, 433px\" \/><\/figure>\n<\/div>\n<\/div>\n\n\n\n<div class=\"wp-block-buttons is-layout-flex wp-block-buttons-is-layout-flex\">\n<div class=\"wp-block-button\"><a class=\"wp-block-button__link\">Ver suites<\/a><\/div>\n<\/div>\n\n\n\n<hr class=\"wp-block-separator has-css-opacity\"\/>\n\n\n\n<h2 class=\"has-text-align-right wp-block-heading\">Nuestro reconocimientos<\/h2>\n\n\n\n<div class=\"wp-block-columns is-layout-flex wp-container-core-columns-is-layout-28f84493 wp-block-columns-is-layout-flex\">\n<div class=\"wp-block-column is-layout-flow wp-block-column-is-layout-flow\">\n<figure class=\"wp-block-image size-large is-resized\"><img loading=\"lazy\" decoding=\"async\" src=\"https:\/\/hotelcasaisabella.com\/wp-content\/uploads\/2021\/04\/Buuking.png\" alt=\"\" class=\"wp-image-185\" width=\"399\" height=\"358\" srcset=\"https:\/\/hotelcasaisabella.com\/wp-content\/uploads\/2021\/04\/Buuking.png 312w, https:\/\/hotelcasaisabella.com\/wp-content\/uploads\/2021\/04\/Buuking-300x269.png 300w, https:\/\/hotelcasaisabella.com\/wp-content\/uploads\/2021\/04\/Buuking-67x60.png 67w\" sizes=\"(max-width: 399px) 100vw, 399px\" \/><\/figure>\n<\/div>\n\n\n\n<div class=\"wp-block-column is-layout-flow wp-block-column-is-layout-flow\">\n<p>Nuestros aliados reconocen la labor de Casa Isabella y el impacto que deja en sus clientes. Booking.com eval\u00faa distintos puntos basados en las calificaciones de nuestros hu\u00e9spedes, la atenci\u00f3n personal, la calidez, el ambiente \u00fanico y la atmosfera de paz es algo que nos caracteriza desde que iniciamos operaciones.<\/p>\n\n\n\n<ul class=\"wp-block-list\"><li>Booking Traveller Review Awards 2020 Winner<\/li><\/ul>\n<\/div>\n<\/div>\n\n\n\n<hr class=\"wp-block-separator has-css-opacity\"\/>\n\n\n\n<h2 class=\"has-text-align-center wp-block-heading\">Galer\u00eda<\/h2>\n\n\n\n<figure class=\"wp-block-gallery has-nested-images columns-default is-cropped wp-block-gallery-1 is-layout-flex wp-block-gallery-is-layout-flex\">\n<figure class=\"wp-block-image size-large\"><img loading=\"lazy\" decoding=\"async\" width=\"1920\" height=\"2560\" data-id=\"648\" src=\"http:\/\/hotelcasaisabella.com\/wp-content\/uploads\/2021\/07\/1657297159345-scaled.jpeg\" alt=\"\" class=\"wp-image-648\" srcset=\"https:\/\/hotelcasaisabella.com\/wp-content\/uploads\/2021\/07\/1657297159345-scaled.jpeg 1920w, https:\/\/hotelcasaisabella.com\/wp-content\/uploads\/2021\/07\/1657297159345-225x300.jpeg 225w, https:\/\/hotelcasaisabella.com\/wp-content\/uploads\/2021\/07\/1657297159345-768x1024.jpeg 768w, https:\/\/hotelcasaisabella.com\/wp-content\/uploads\/2021\/07\/1657297159345-1152x1536.jpeg 1152w, https:\/\/hotelcasaisabella.com\/wp-content\/uploads\/2021\/07\/1657297159345-1536x2048.jpeg 1536w, https:\/\/hotelcasaisabella.com\/wp-content\/uploads\/2021\/07\/1657297159345-45x60.jpeg 45w\" sizes=\"(max-width: 1920px) 100vw, 1920px\" \/><figcaption>Amplios espacios<\/figcaption><\/figure>\n\n\n\n<figure class=\"wp-block-image size-large\"><img loading=\"lazy\" decoding=\"async\" width=\"1024\" height=\"768\" data-id=\"639\" src=\"http:\/\/hotelcasaisabella.com\/wp-content\/uploads\/2021\/07\/310178571.jpg\" alt=\"\" class=\"wp-image-639\" srcset=\"https:\/\/hotelcasaisabella.com\/wp-content\/uploads\/2021\/07\/310178571.jpg 1024w, https:\/\/hotelcasaisabella.com\/wp-content\/uploads\/2021\/07\/310178571-300x225.jpg 300w, https:\/\/hotelcasaisabella.com\/wp-content\/uploads\/2021\/07\/310178571-768x576.jpg 768w, https:\/\/hotelcasaisabella.com\/wp-content\/uploads\/2021\/07\/310178571-80x60.jpg 80w\" sizes=\"(max-width: 1024px) 100vw, 1024px\" \/><figcaption>Nuestra alberca<\/figcaption><\/figure>\n\n\n\n<figure class=\"wp-block-image size-large\"><img loading=\"lazy\" decoding=\"async\" width=\"576\" height=\"768\" data-id=\"223\" src=\"http:\/\/hotelcasaisabella.com\/wp-content\/uploads\/2021\/04\/GARDENIA5.jpg\" alt=\"\" class=\"wp-image-223\" srcset=\"https:\/\/hotelcasaisabella.com\/wp-content\/uploads\/2021\/04\/GARDENIA5.jpg 576w, https:\/\/hotelcasaisabella.com\/wp-content\/uploads\/2021\/04\/GARDENIA5-225x300.jpg 225w, https:\/\/hotelcasaisabella.com\/wp-content\/uploads\/2021\/04\/GARDENIA5-45x60.jpg 45w\" sizes=\"(max-width: 576px) 100vw, 576px\" \/><\/figure>\n\n\n\n<figure class=\"wp-block-image size-large\"><img loading=\"lazy\" decoding=\"async\" width=\"1068\" height=\"772\" data-id=\"647\" src=\"http:\/\/hotelcasaisabella.com\/wp-content\/uploads\/2021\/07\/1657297159358.jpeg\" alt=\"\" class=\"wp-image-647\" srcset=\"https:\/\/hotelcasaisabella.com\/wp-content\/uploads\/2021\/07\/1657297159358.jpeg 1068w, https:\/\/hotelcasaisabella.com\/wp-content\/uploads\/2021\/07\/1657297159358-300x217.jpeg 300w, https:\/\/hotelcasaisabella.com\/wp-content\/uploads\/2021\/07\/1657297159358-1024x740.jpeg 1024w, https:\/\/hotelcasaisabella.com\/wp-content\/uploads\/2021\/07\/1657297159358-768x555.jpeg 768w, https:\/\/hotelcasaisabella.com\/wp-content\/uploads\/2021\/07\/1657297159358-83x60.jpeg 83w\" sizes=\"(max-width: 1068px) 100vw, 1068px\" \/><figcaption>Suite Gardenia<\/figcaption><\/figure>\n\n\n\n<figure class=\"wp-block-image size-large\"><img loading=\"lazy\" decoding=\"async\" width=\"1920\" height=\"2560\" data-id=\"649\" src=\"http:\/\/hotelcasaisabella.com\/wp-content\/uploads\/2021\/07\/1657297159371-scaled.jpeg\" alt=\"\" class=\"wp-image-649\" srcset=\"https:\/\/hotelcasaisabella.com\/wp-content\/uploads\/2021\/07\/1657297159371-scaled.jpeg 1920w, https:\/\/hotelcasaisabella.com\/wp-content\/uploads\/2021\/07\/1657297159371-225x300.jpeg 225w, https:\/\/hotelcasaisabella.com\/wp-content\/uploads\/2021\/07\/1657297159371-768x1024.jpeg 768w, https:\/\/hotelcasaisabella.com\/wp-content\/uploads\/2021\/07\/1657297159371-1152x1536.jpeg 1152w, https:\/\/hotelcasaisabella.com\/wp-content\/uploads\/2021\/07\/1657297159371-1536x2048.jpeg 1536w, https:\/\/hotelcasaisabella.com\/wp-content\/uploads\/2021\/07\/1657297159371-45x60.jpeg 45w\" sizes=\"(max-width: 1920px) 100vw, 1920px\" \/><figcaption>Fauna endemica<\/figcaption><\/figure>\n\n\n\n<figure class=\"wp-block-image size-large\"><img loading=\"lazy\" decoding=\"async\" width=\"1024\" height=\"768\" data-id=\"646\" src=\"http:\/\/hotelcasaisabella.com\/wp-content\/uploads\/2021\/07\/262067523.jpg\" alt=\"\" class=\"wp-image-646\" srcset=\"https:\/\/hotelcasaisabella.com\/wp-content\/uploads\/2021\/07\/262067523.jpg 1024w, https:\/\/hotelcasaisabella.com\/wp-content\/uploads\/2021\/07\/262067523-300x225.jpg 300w, https:\/\/hotelcasaisabella.com\/wp-content\/uploads\/2021\/07\/262067523-768x576.jpg 768w, https:\/\/hotelcasaisabella.com\/wp-content\/uploads\/2021\/07\/262067523-80x60.jpg 80w\" sizes=\"(max-width: 1024px) 100vw, 1024px\" \/><\/figure>\n\n\n\n<figure class=\"wp-block-image size-large\"><img loading=\"lazy\" decoding=\"async\" width=\"576\" height=\"768\" data-id=\"645\" src=\"http:\/\/hotelcasaisabella.com\/wp-content\/uploads\/2021\/07\/310179046.jpg\" alt=\"\" class=\"wp-image-645\" srcset=\"https:\/\/hotelcasaisabella.com\/wp-content\/uploads\/2021\/07\/310179046.jpg 576w, https:\/\/hotelcasaisabella.com\/wp-content\/uploads\/2021\/07\/310179046-225x300.jpg 225w, https:\/\/hotelcasaisabella.com\/wp-content\/uploads\/2021\/07\/310179046-45x60.jpg 45w\" sizes=\"(max-width: 576px) 100vw, 576px\" \/><figcaption>Eeliciosos desayunos<\/figcaption><\/figure>\n\n\n\n<figure class=\"wp-block-image size-large\"><img loading=\"lazy\" decoding=\"async\" width=\"576\" height=\"768\" data-id=\"642\" src=\"http:\/\/hotelcasaisabella.com\/wp-content\/uploads\/2021\/07\/310179156-1.jpg\" alt=\"\" class=\"wp-image-642\" srcset=\"https:\/\/hotelcasaisabella.com\/wp-content\/uploads\/2021\/07\/310179156-1.jpg 576w, https:\/\/hotelcasaisabella.com\/wp-content\/uploads\/2021\/07\/310179156-1-225x300.jpg 225w, https:\/\/hotelcasaisabella.com\/wp-content\/uploads\/2021\/07\/310179156-1-45x60.jpg 45w\" sizes=\"(max-width: 576px) 100vw, 576px\" \/><\/figure>\n\n\n\n<figure class=\"wp-block-image size-large\"><img loading=\"lazy\" decoding=\"async\" width=\"948\" height=\"768\" data-id=\"631\" src=\"http:\/\/hotelcasaisabella.com\/wp-content\/uploads\/2022\/07\/begona3.jpg\" alt=\"bego\u00f1acozumel\" class=\"wp-image-631\" srcset=\"https:\/\/hotelcasaisabella.com\/wp-content\/uploads\/2022\/07\/begona3.jpg 948w, https:\/\/hotelcasaisabella.com\/wp-content\/uploads\/2022\/07\/begona3-300x243.jpg 300w, https:\/\/hotelcasaisabella.com\/wp-content\/uploads\/2022\/07\/begona3-768x622.jpg 768w, https:\/\/hotelcasaisabella.com\/wp-content\/uploads\/2022\/07\/begona3-74x60.jpg 74w\" sizes=\"(max-width: 948px) 100vw, 948px\" \/><figcaption>Habitaci\u00f3n Bego\u00f1a<\/figcaption><\/figure>\n\n\n\n<figure class=\"wp-block-image size-large\"><img loading=\"lazy\" decoding=\"async\" width=\"1024\" height=\"768\" data-id=\"151\" src=\"http:\/\/hotelcasaisabella.com\/wp-content\/uploads\/2021\/04\/gardenia2.jpg\" alt=\"\" class=\"wp-image-151\" srcset=\"https:\/\/hotelcasaisabella.com\/wp-content\/uploads\/2021\/04\/gardenia2.jpg 1024w, https:\/\/hotelcasaisabella.com\/wp-content\/uploads\/2021\/04\/gardenia2-300x225.jpg 300w, https:\/\/hotelcasaisabella.com\/wp-content\/uploads\/2021\/04\/gardenia2-768x576.jpg 768w, https:\/\/hotelcasaisabella.com\/wp-content\/uploads\/2021\/04\/gardenia2-80x60.jpg 80w\" sizes=\"(max-width: 1024px) 100vw, 1024px\" \/><\/figure>\n\n\n\n<figure class=\"wp-block-image size-large\"><img loading=\"lazy\" decoding=\"async\" width=\"1024\" height=\"768\" data-id=\"153\" src=\"http:\/\/hotelcasaisabella.com\/wp-content\/uploads\/2021\/04\/JABONES.jpg\" alt=\"\" class=\"wp-image-153\" srcset=\"https:\/\/hotelcasaisabella.com\/wp-content\/uploads\/2021\/04\/JABONES.jpg 1024w, https:\/\/hotelcasaisabella.com\/wp-content\/uploads\/2021\/04\/JABONES-300x225.jpg 300w, https:\/\/hotelcasaisabella.com\/wp-content\/uploads\/2021\/04\/JABONES-768x576.jpg 768w, https:\/\/hotelcasaisabella.com\/wp-content\/uploads\/2021\/04\/JABONES-80x60.jpg 80w\" sizes=\"(max-width: 1024px) 100vw, 1024px\" \/><\/figure>\n\n\n\n<figure class=\"wp-block-image size-large\"><img loading=\"lazy\" decoding=\"async\" width=\"1024\" height=\"768\" data-id=\"632\" src=\"http:\/\/hotelcasaisabella.com\/wp-content\/uploads\/2022\/07\/begona2.jpg\" alt=\"\" class=\"wp-image-632\" srcset=\"https:\/\/hotelcasaisabella.com\/wp-content\/uploads\/2022\/07\/begona2.jpg 1024w, https:\/\/hotelcasaisabella.com\/wp-content\/uploads\/2022\/07\/begona2-300x225.jpg 300w, https:\/\/hotelcasaisabella.com\/wp-content\/uploads\/2022\/07\/begona2-768x576.jpg 768w, https:\/\/hotelcasaisabella.com\/wp-content\/uploads\/2022\/07\/begona2-80x60.jpg 80w\" sizes=\"(max-width: 1024px) 100vw, 1024px\" \/><\/figure>\n<\/figure>\n\n\n\n<hr class=\"wp-block-separator has-alpha-channel-opacity\"\/>\n\n\n\n<h1 class=\"has-text-align-center wp-block-heading\">\u00bfC\u00f3mo llegar a Casa Isabella Cozumel?<\/h1>\n\n\n\n<iframe src=\"https:\/\/www.google.com\/maps\/embed?pb=!1m14!1m8!1m3!1d3736.959582991275!2d-86.95332328507605!3d20.507883036282877!3m2!1i1024!2i768!4f13.1!3m3!1m2!1s0x0%3A0xe565064ef5646ca3!2sCasa%20Isabella%20Cozumel!5e0!3m2!1sen!2smx!4v1618950073446!5m2!1sen!2smx\" width=\"600\" height=\"450\" style=\"border:0;\" allowfullscreen=\"\" loading=\"lazy\"><\/iframe>\n\n\n\n<h3 class=\"wp-block-heading\">Desde la estaci\u00f3n del Ferry (3 minutos)<\/h3>\n\n\n\n<p>Deber\u00e1s caminar en direcci\u00f3n sur de la isla hasta llegar al monumento a \u201cAdolfo Rosado Salas\u201d, puedes guiarte por la tienda \u201cRolex\u201d y el restaurante \u00abPepe\u00b4s\u00bb, entra y camina sobre la calle Adolfo Rosado Salas por 1 minuto pasando el Oxxo y Telmex hasta llegar al numero 164.<\/p>\n\n\n\n<h3 class=\"wp-block-heading\">Desde el Aeropuerto de Cozumel (7 minutos)<\/h3>\n\n\n\n<p>Deber\u00e1s salir del aeropuerto para tomar una c\u00f3moda Van operada por cozumele\u00f1os. P\u00eddele al chofer que te indique cuando llegues a la calle Adolfo Rosado Salas, la Van te dejara a 5mts de Casa Isabella, por lo que deber\u00e1s caminar direcci\u00f3n sur (hacia el mar) hasta llegar al numero 164.<\/p>\n\n\n\n<h2 class=\"wp-block-heading\">\u00a1Cont\u00e1ctanos v\u00eda Whatsapp y con gusto te diremos c\u00f3mo llegar!<\/h2>\n\n\n\n<div class=\"wp-block-jetpack-send-a-message\">\n<div class=\"wp-block-jetpack-whatsapp-button is-color-dark\"><a class=\"whatsapp-block__button\" href=\"https:\/\/api.whatsapp.com\/send?phone=525574353949&amp;text=Hola%2C%20soy%20un%20visitante%20de%20la%20pagina%20web%20de%20Casa%20Isabella%20Cozumel%2C%20requiero%20informaci%C3%B3n%20\" style=\"background-color:#25D366;color:#fff\" target=\"_self\" rel=\"noopener noreferrer\">Chat en WhatsApp<\/a><\/div>\n<\/div>\n\n\n\n<p><\/p>\n","protected":false},"excerpt":{"rendered":"<p>El Concepto &#8211; Un lugar con historia Construida en los a\u00f1os 2000, el concepto de Casa Isabella surgi\u00f3 a partir de la b\u00fasqueda de crear un espacio en el que el constante contacto con la naturaleza, el colorido de sus muros y una ubicaci\u00f3n inigualable, crearan una sinergia perfecta. El dise\u00f1o y estilo de nuestros [&hellip;]<\/p>\n","protected":false},"author":1,"featured_media":0,"parent":0,"menu_order":0,"comment_status":"closed","ping_status":"closed","template":"","meta":{"footnotes":""},"class_list":["post-142","page","type-page","status-publish","hentry"],"jetpack_sharing_enabled":true,"_links":{"self":[{"href":"https:\/\/hotelcasaisabella.com\/index.php\/wp-json\/wp\/v2\/pages\/142","targetHints":{"allow":["GET"]}}],"collection":[{"href":"https:\/\/hotelcasaisabella.com\/index.php\/wp-json\/wp\/v2\/pages"}],"about":[{"href":"https:\/\/hotelcasaisabella.com\/index.php\/wp-json\/wp\/v2\/types\/page"}],"author":[{"embeddable":true,"href":"https:\/\/hotelcasaisabella.com\/index.php\/wp-json\/wp\/v2\/users\/1"}],"replies":[{"embeddable":true,"href":"https:\/\/hotelcasaisabella.com\/index.php\/wp-json\/wp\/v2\/comments?post=142"}],"version-history":[{"count":5,"href":"https:\/\/hotelcasaisabella.com\/index.php\/wp-json\/wp\/v2\/pages\/142\/revisions"}],"predecessor-version":[{"id":667,"href":"https:\/\/hotelcasaisabella.com\/index.php\/wp-json\/wp\/v2\/pages\/142\/revisions\/667"}],"wp:attachment":[{"href":"https:\/\/hotelcasaisabella.com\/index.php\/wp-json\/wp\/v2\/media?parent=142"}],"curies":[{"name":"wp","href":"https:\/\/api.w.org\/{rel}","templated":true}]}}