{"id":194,"date":"2021-04-21T18:21:24","date_gmt":"2021-04-21T18:21:24","guid":{"rendered":"https:\/\/hotelcasaisabella.com\/?page_id=194"},"modified":"2022-07-08T16:25:49","modified_gmt":"2022-07-08T16:25:49","slug":"alheli","status":"publish","type":"page","link":"https:\/\/hotelcasaisabella.com\/index.php\/alheli\/","title":{"rendered":"SUITE ALHEL\u00cd"},"content":{"rendered":"\n<h4 class=\"wp-block-heading\">ALHEL\u00cd ES UNA SUITE COMPLETA, UBICADA EN LAS INSTALACIONES DEL EDIFICIO PRINCIPAL DE CASA ISABELLA COZUMEL, CUENTA CON UN GRAN VENTANAL LATERAL QUE TE DEJARA ESCUCHAR EL CANTO DE LOS PAJAROS EN LA MA\u00d1ANA Y GOZARAS DE LA VISTA AL PATIO CENTRAL.<\/h4>\n\n\n\n<hr class=\"wp-block-separator has-css-opacity\"\/>\n\n\n\n<h2 class=\"has-text-align-right wp-block-heading\">Amenidades<\/h2>\n\n\n\n<h4 class=\"has-text-align-right wp-block-heading\">PODR\u00c1S DISFRUTAR DE UN AMPLIO VESTIDOR CON DIVERSAS REPISAS DE VIDRIO DONDE PODR\u00c1S COLOCAR TU ROPA Y EQUIPAJE, ADEM\u00c1S DE UN LINDO BA\u00d1O COMPLETO CON ACABADOS DE MARMOL COLOR GRIS IMPORTADO DESDE FRANCIA, DONDE ADEM\u00c1S PODRAS DISFRUTAR DE UNA DOTACI\u00d3N DE JABONES ARTESANALES SEG\u00daN LA TEMPORADA.<\/h4>\n\n\n\n<hr class=\"wp-block-separator has-css-opacity\"\/>\n\n\n\n<figure class=\"wp-block-gallery has-nested-images columns-default is-cropped wp-block-gallery-1 is-layout-flex wp-block-gallery-is-layout-flex\">\n<figure class=\"wp-block-image size-large\"><img fetchpriority=\"high\" decoding=\"async\" width=\"768\" height=\"1024\" data-id=\"648\" src=\"http:\/\/hotelcasaisabella.com\/wp-content\/uploads\/2021\/07\/1657297159345-768x1024.jpeg\" alt=\"\" class=\"wp-image-648\" srcset=\"https:\/\/hotelcasaisabella.com\/wp-content\/uploads\/2021\/07\/1657297159345-768x1024.jpeg 768w, https:\/\/hotelcasaisabella.com\/wp-content\/uploads\/2021\/07\/1657297159345-225x300.jpeg 225w, https:\/\/hotelcasaisabella.com\/wp-content\/uploads\/2021\/07\/1657297159345-1152x1536.jpeg 1152w, https:\/\/hotelcasaisabella.com\/wp-content\/uploads\/2021\/07\/1657297159345-1536x2048.jpeg 1536w, https:\/\/hotelcasaisabella.com\/wp-content\/uploads\/2021\/07\/1657297159345-45x60.jpeg 45w, https:\/\/hotelcasaisabella.com\/wp-content\/uploads\/2021\/07\/1657297159345-scaled.jpeg 1920w\" sizes=\"(max-width: 768px) 100vw, 768px\" \/><figcaption>Patio principal<\/figcaption><\/figure>\n\n\n\n<figure class=\"wp-block-image size-large\"><img decoding=\"async\" width=\"1024\" height=\"768\" data-id=\"167\" src=\"http:\/\/hotelcasaisabella.com\/wp-content\/uploads\/2021\/04\/63194ab4-2d26-40b6-9261-aabf97ee8a05-1024x768.jpg\" alt=\"\" class=\"wp-image-167\" srcset=\"https:\/\/hotelcasaisabella.com\/wp-content\/uploads\/2021\/04\/63194ab4-2d26-40b6-9261-aabf97ee8a05-1024x768.jpg 1024w, https:\/\/hotelcasaisabella.com\/wp-content\/uploads\/2021\/04\/63194ab4-2d26-40b6-9261-aabf97ee8a05-300x225.jpg 300w, https:\/\/hotelcasaisabella.com\/wp-content\/uploads\/2021\/04\/63194ab4-2d26-40b6-9261-aabf97ee8a05-768x576.jpg 768w, https:\/\/hotelcasaisabella.com\/wp-content\/uploads\/2021\/04\/63194ab4-2d26-40b6-9261-aabf97ee8a05-80x60.jpg 80w, https:\/\/hotelcasaisabella.com\/wp-content\/uploads\/2021\/04\/63194ab4-2d26-40b6-9261-aabf97ee8a05.jpg 1280w\" sizes=\"(max-width: 1024px) 100vw, 1024px\" \/><figcaption>Suite Alhel\u00ed<\/figcaption><\/figure>\n\n\n\n<figure class=\"wp-block-image size-large\"><img decoding=\"async\" width=\"1024\" height=\"768\" data-id=\"214\" src=\"http:\/\/hotelcasaisabella.com\/wp-content\/uploads\/2021\/04\/alheli.jpg\" alt=\"\" class=\"wp-image-214\" srcset=\"https:\/\/hotelcasaisabella.com\/wp-content\/uploads\/2021\/04\/alheli.jpg 1024w, https:\/\/hotelcasaisabella.com\/wp-content\/uploads\/2021\/04\/alheli-300x225.jpg 300w, https:\/\/hotelcasaisabella.com\/wp-content\/uploads\/2021\/04\/alheli-768x576.jpg 768w, https:\/\/hotelcasaisabella.com\/wp-content\/uploads\/2021\/04\/alheli-80x60.jpg 80w\" sizes=\"(max-width: 1024px) 100vw, 1024px\" \/><figcaption>Alhel\u00ed<\/figcaption><\/figure>\n<\/figure>\n\n\n\n<hr class=\"wp-block-separator has-css-opacity\"\/>\n\n\n\n<div class=\"wp-block-buttons is-layout-flex wp-block-buttons-is-layout-flex\">\n<div class=\"wp-block-button has-custom-width wp-block-button__width-100 is-style-fill\"><a class=\"wp-block-button__link has-white-color has-midnight-gradient-background has-text-color has-background\" href=\"https:\/\/hotelcasaisabella.com\/index.php\/trip\/suite-alheli\/\" style=\"border-radius:27px\" target=\"_blank\" rel=\"noopener\">\u00a1RESERVAR AQU\u00cd!<\/a><\/div>\n<\/div>\n\n\n\n<p><\/p>\n","protected":false},"excerpt":{"rendered":"<p>ALHEL\u00cd ES UNA SUITE COMPLETA, UBICADA EN LAS INSTALACIONES DEL EDIFICIO PRINCIPAL DE CASA ISABELLA COZUMEL, CUENTA CON UN GRAN VENTANAL LATERAL QUE TE DEJARA ESCUCHAR EL CANTO DE LOS PAJAROS EN LA MA\u00d1ANA Y GOZARAS DE LA VISTA AL PATIO CENTRAL. Amenidades PODR\u00c1S DISFRUTAR DE UN AMPLIO VESTIDOR CON DIVERSAS REPISAS DE VIDRIO DONDE [&hellip;]<\/p>\n","protected":false},"author":1,"featured_media":0,"parent":0,"menu_order":0,"comment_status":"closed","ping_status":"closed","template":"","meta":{"footnotes":""},"class_list":["post-194","page","type-page","status-publish","hentry"],"jetpack_sharing_enabled":true,"_links":{"self":[{"href":"https:\/\/hotelcasaisabella.com\/index.php\/wp-json\/wp\/v2\/pages\/194","targetHints":{"allow":["GET"]}}],"collection":[{"href":"https:\/\/hotelcasaisabella.com\/index.php\/wp-json\/wp\/v2\/pages"}],"about":[{"href":"https:\/\/hotelcasaisabella.com\/index.php\/wp-json\/wp\/v2\/types\/page"}],"author":[{"embeddable":true,"href":"https:\/\/hotelcasaisabella.com\/index.php\/wp-json\/wp\/v2\/users\/1"}],"replies":[{"embeddable":true,"href":"https:\/\/hotelcasaisabella.com\/index.php\/wp-json\/wp\/v2\/comments?post=194"}],"version-history":[{"count":7,"href":"https:\/\/hotelcasaisabella.com\/index.php\/wp-json\/wp\/v2\/pages\/194\/revisions"}],"predecessor-version":[{"id":655,"href":"https:\/\/hotelcasaisabella.com\/index.php\/wp-json\/wp\/v2\/pages\/194\/revisions\/655"}],"wp:attachment":[{"href":"https:\/\/hotelcasaisabella.com\/index.php\/wp-json\/wp\/v2\/media?parent=194"}],"curies":[{"name":"wp","href":"https:\/\/api.w.org\/{rel}","templated":true}]}}