{"id":339,"date":"2021-07-02T22:50:27","date_gmt":"2021-07-02T22:50:27","guid":{"rendered":"https:\/\/hotelcasaisabella.com\/?page_id=339"},"modified":"2021-07-02T22:50:29","modified_gmt":"2021-07-02T22:50:29","slug":"terminosycondiciones-viajerofrecuente","status":"publish","type":"page","link":"https:\/\/hotelcasaisabella.com\/index.php\/terminosycondiciones-viajerofrecuente\/","title":{"rendered":"Viajero Frecuente &#8211; Casa Isabella Cozumel"},"content":{"rendered":"\n<p>Terminos y condiciones de la suscripci\u00f3n \u00abClub Viajero Frecuente\u00bb<\/p>\n\n\n\n<p>Club Viajero Frecuente es una suscripci\u00f3n de beneficios propiedad de Casa Isabella Cozumel y es v\u00e1lida \u00fanica y exclusivamente para uso dentro de Casa Isabella Cozumel. <\/p>\n\n\n\n<p>Los Socios de Club Viajero Frecuente de Casa Isabella Cozumel pueden acceder a un beneficio de 15% de descuento en cada visita a nuestro establecimiento, con la condici\u00f3n de que se hospeden por lo menos 2 noches 1 vez al mes.<\/p>\n\n\n\n<p>Los socios de la suscripci\u00f3n a Club Viajero Frecuente, deber\u00e1n adquirir su suscripci\u00f3n por la v\u00eda que Casa Isabella Cozumel ofrezca y que m\u00e1s le convenga. El costo por suscripci\u00f3n es de $350.00.00 m.n (Pesos mexicanos).<\/p>\n\n\n\n<p>La suscripci\u00f3n de Club Viajero Frecuente es \u00fanica, no acumulable e intransferible, por lo que solo la persona propietaria de dicha suscripci\u00f3n podr\u00e1 hacer uso de ella.<\/p>\n\n\n\n<p>Club Viajero Frecuente es una suscripci\u00f3n que incentiva a viajeros frecuentes y que se hospedan en Casa Isabella Cozumel.<\/p>\n\n\n\n<p>Aquellas suscripciones que no usen los beneficios de dicha suscripci\u00f3n en un lapso de 60 d\u00edas, ser\u00e1n canceladas y aquel socio suscriptor que pierda su suscripci\u00f3n o sea acreedor a la cancelaci\u00f3n de la misma, deber\u00e1 volver a tramitar su suscripci\u00f3n por el precio  y costo ya expresado anteriormente. <\/p>\n\n\n\n<p>Casa Isabella Cozumel, no se hace responsable por cualquier falsificaci\u00f3n, copia, o uso indebido de la suscripci\u00f3n que los socios pertenecientes a Club Viajero Frecuente le den a la misma.<\/p>\n\n\n\n<p>Casa Isabella Cozumel reportar\u00e1 a las autoridades correspondientes por cualquier falsificaci\u00f3n, copia, o uso indebido de la suscripci\u00f3n que los socios pertenecientes a Club Viajero Frecuente o externos le den a dicha suscripci\u00f3n. <\/p>\n\n\n\n<p>S\u00ed tienes alguna duda no dudes en contactarnos v\u00eda correo electr\u00f3nico o v\u00eda Whatsapp<\/p>\n","protected":false},"excerpt":{"rendered":"<p>Terminos y condiciones de la suscripci\u00f3n \u00abClub Viajero Frecuente\u00bb Club Viajero Frecuente es una suscripci\u00f3n de beneficios propiedad de Casa Isabella Cozumel y es v\u00e1lida \u00fanica y exclusivamente para uso dentro de Casa Isabella Cozumel. Los Socios de Club Viajero Frecuente de Casa Isabella Cozumel pueden acceder a un beneficio de 15% de descuento en [&hellip;]<\/p>\n","protected":false},"author":1,"featured_media":0,"parent":0,"menu_order":0,"comment_status":"closed","ping_status":"closed","template":"","meta":{"footnotes":""},"class_list":["post-339","page","type-page","status-publish","hentry"],"jetpack_sharing_enabled":true,"_links":{"self":[{"href":"https:\/\/hotelcasaisabella.com\/index.php\/wp-json\/wp\/v2\/pages\/339","targetHints":{"allow":["GET"]}}],"collection":[{"href":"https:\/\/hotelcasaisabella.com\/index.php\/wp-json\/wp\/v2\/pages"}],"about":[{"href":"https:\/\/hotelcasaisabella.com\/index.php\/wp-json\/wp\/v2\/types\/page"}],"author":[{"embeddable":true,"href":"https:\/\/hotelcasaisabella.com\/index.php\/wp-json\/wp\/v2\/users\/1"}],"replies":[{"embeddable":true,"href":"https:\/\/hotelcasaisabella.com\/index.php\/wp-json\/wp\/v2\/comments?post=339"}],"version-history":[{"count":2,"href":"https:\/\/hotelcasaisabella.com\/index.php\/wp-json\/wp\/v2\/pages\/339\/revisions"}],"predecessor-version":[{"id":341,"href":"https:\/\/hotelcasaisabella.com\/index.php\/wp-json\/wp\/v2\/pages\/339\/revisions\/341"}],"wp:attachment":[{"href":"https:\/\/hotelcasaisabella.com\/index.php\/wp-json\/wp\/v2\/media?parent=339"}],"curies":[{"name":"wp","href":"https:\/\/api.w.org\/{rel}","templated":true}]}}